{"id":17,"date":"2011-12-29T21:40:50","date_gmt":"2011-12-29T21:40:50","guid":{"rendered":"http:\/\/localhost\/?page_id=17"},"modified":"2025-03-09T17:36:00","modified_gmt":"2025-03-09T17:36:00","slug":"contactez-nous","status":"publish","type":"page","link":"https:\/\/leclercint.com\/en\/contactez-nous\/","title":{"rendered":"Contact us"},"content":{"rendered":"<p><img loading=\"lazy\" decoding=\"async\" class=\"alignnone size-full wp-image-6595\" src=\"https:\/\/leclercint.com\/wp-content\/uploads\/2024\/03\/318447479_110654081887553_7503166718176481068_n-1.jpg\" alt=\"318447479 110654081887553 7503166718176481068 n 1\" width=\"2048\" height=\"1418\" srcset=\"https:\/\/leclercint.com\/wp-content\/uploads\/2024\/03\/318447479_110654081887553_7503166718176481068_n-1.jpg 2048w, https:\/\/leclercint.com\/wp-content\/uploads\/2024\/03\/318447479_110654081887553_7503166718176481068_n-1-300x208.jpg 300w, https:\/\/leclercint.com\/wp-content\/uploads\/2024\/03\/318447479_110654081887553_7503166718176481068_n-1-768x532.jpg 768w, https:\/\/leclercint.com\/wp-content\/uploads\/2024\/03\/318447479_110654081887553_7503166718176481068_n-1-1536x1064.jpg 1536w\" sizes=\"auto, (max-width: 2048px) 100vw, 2048px\" \/><\/p>\n<p style=\"text-align: left;\">If you have any questions or comments about Leclerc Automobiles International products or this site, please contact us using one of the options below. For general inquiries, we recommend that you contact us via e-mail and we will get back to you within one business day of receiving your request.<\/p>\n<p style=\"text-align: left;\"><strong>Address:<\/strong><\/p>\n<blockquote>\n<p style=\"text-align: left;\">Leclerc Automobiles Internationnal Inc.<br \/>4770 Industriel Blvd.<br \/>Sherbrooke, QC J1L 3A3<\/p>\n<\/blockquote>\n<p style=\"text-align: left;\"><strong>E-mail :<\/strong><\/p>\n<blockquote>\n<p style=\"text-align: left;\">info@leclercint.com<\/p>\n<\/blockquote>\n<p style=\"text-align: left;\"><strong>Phone :<\/strong><\/p>\n<blockquote>\n<p style=\"text-align: left;\">(819) 822-1112<\/p>\n<\/blockquote>\n<p style=\"text-align: left;\"><strong>Toll-free telephone :<\/strong><\/p>\n<blockquote>\n<p style=\"text-align: left;\">(888)\u00a0567-6180<\/p>\n<\/blockquote>\n<p style=\"text-align: left;\"><strong>Fax :<\/strong><\/p>\n<blockquote>\n<p style=\"text-align: left;\">(819) 822-4999<\/p>\n<\/blockquote>\n\n\n<figure class=\"wp-block-image size-large\"><img loading=\"lazy\" decoding=\"async\" width=\"665\" height=\"200\" src=\"https:\/\/leclercint.com\/wp-content\/uploads\/2024\/03\/Map-665x200.jpg\" alt=\"\" class=\"wp-image-6589\"\/><figcaption class=\"wp-element-caption\"><br><strong>Click on this link to generate your itinerary via Google Maps.<\/strong><br><br><a href=\"https:\/\/maps.app.goo.gl\/VUe6UUU41BuPxG8M6\">https:\/\/maps.app.goo.gl\/VUe6UUU41BuPxG8M6<\/a><\/figcaption><\/figure>","protected":false},"excerpt":{"rendered":"<p>Pour toute question ou tout commentaire au sujet des produits de Leclerc Automobiles\u00a0International\u00a0ou de ce site, veuillez nous contactez via l&rsquo;une des options\u00a0ci-dessous. Pour des informations\u00a0g\u00e9n\u00e9rales, nous conseillons de nous joindre via courriel et nous communiquerons avec vous dans la journ\u00e9e m\u00eame ou le prochain jour ouvrable suivant la r\u00e9ception de votre demande. Adresse\u00a0: Leclerc [&hellip;]<\/p>","protected":false},"author":1,"featured_media":0,"parent":0,"menu_order":0,"comment_status":"open","ping_status":"open","template":"","meta":{"slim_seo":{"title":"Contactez-nous - Leclerc Automobiles International Inc.","description":"Pour toute question ou tout commentaire au sujet des produits de Leclerc Automobiles\u00a0International\u00a0ou de ce site, veuillez nous contactez via l'une des options\u00a0"},"footnotes":""},"class_list":["post-17","page","type-page","status-publish","hentry"],"jetpack_sharing_enabled":true,"_links":{"self":[{"href":"https:\/\/leclercint.com\/en\/wp-json\/wp\/v2\/pages\/17","targetHints":{"allow":["GET"]}}],"collection":[{"href":"https:\/\/leclercint.com\/en\/wp-json\/wp\/v2\/pages"}],"about":[{"href":"https:\/\/leclercint.com\/en\/wp-json\/wp\/v2\/types\/page"}],"author":[{"embeddable":true,"href":"https:\/\/leclercint.com\/en\/wp-json\/wp\/v2\/users\/1"}],"replies":[{"embeddable":true,"href":"https:\/\/leclercint.com\/en\/wp-json\/wp\/v2\/comments?post=17"}],"version-history":[{"count":31,"href":"https:\/\/leclercint.com\/en\/wp-json\/wp\/v2\/pages\/17\/revisions"}],"predecessor-version":[{"id":6850,"href":"https:\/\/leclercint.com\/en\/wp-json\/wp\/v2\/pages\/17\/revisions\/6850"}],"wp:attachment":[{"href":"https:\/\/leclercint.com\/en\/wp-json\/wp\/v2\/media?parent=17"}],"curies":[{"name":"wp","href":"https:\/\/api.w.org\/{rel}","templated":true}]}}